{"id":2020,"date":"2018-08-30T17:04:43","date_gmt":"2018-08-30T20:04:43","guid":{"rendered":"https:\/\/uep55-cha.infd.edu.ar\/sitio\/historia-2\/"},"modified":"2023-10-18T19:09:40","modified_gmt":"2023-10-18T22:09:40","slug":"historia-2","status":"publish","type":"page","link":"https:\/\/uep55-cha.infd.edu.ar\/sitio\/historia-2\/","title":{"rendered":"Historia"},"content":{"rendered":"<p><strong><span id=\"internal-source-marker_0.6298334423918277\" style=\"color: #000000;\"> Breve historia institucional<\/span><\/strong><\/p>\n<div>\n<div style=\"display: inline !important;\">\n<ul style=\"display: inline !important;\">\n<li style=\"display: inline !important;\">\n<p dir=\"ltr\" style=\"display: inline !important;\"><span style=\"color: #000000;\">\u00a0<\/span><\/p>\n<\/li>\n<\/ul>\n<\/div>\n<\/div>\n<div>\n<div style=\"display: inline !important;\">\n<ul style=\"display: inline !important;\">\n<li style=\"display: inline !important;\">\n<p dir=\"ltr\" style=\"display: inline !important;\"><strong><span style=\"color: #000000;\">Fecha y finalidad de la fundaci\u00f3n:<\/span><\/strong><\/p>\n<\/li>\n<\/ul>\n<\/div>\n<\/div>\n<div>\n<p dir=\"ltr\" style=\"color: #cc6600; text-align: justify;\"><span style=\"color: #000000;\"> La UEP N\u00ba 55 \u201cDon Orione\u201d de Presidencia Roque S\u00e1enz Pe\u00f1a, en 1969, inaugura el Nivel Terciario o Instituto de Profesorado, dependiendo de la Superintendencia Nacional de la Ense\u00f1anza Privada.<\/span><\/p>\n<\/div>\n<div>\n<p dir=\"ltr\" style=\"color: #cc6600; text-align: justify;\"><span style=\"color: #000000;\"> El llamado entonces Colegio Don Orione surge poco despu\u00e9s del paso del sacerdote Don Luis Orione por la ciudad de Presidencia Roque S\u00e1enz Pe\u00f1a y del env\u00edo de sus primeros religiosos en 1937.<\/span><\/p>\n<p dir=\"ltr\" style=\"color: #cc6600;\"><span style=\"color: #000000;\">La apertura del colegio se inscribe en los motivos generales de la presencia de su Congregaci\u00f3n religiosa en el lugar, y en la importancia que el mismo Fundador acuerda a la <\/span><span style=\"color: #000000;\">educaci\u00f3n como factor de elevaci\u00f3n social y cultural del pueblo. Obedece espec\u00edficamente \u00a0a las dificultades reales existentes para que los hijos de los agricultores pudieran asistir regularmente a la escuela. En la d\u00e9cada del treinta los hijos de los colonos estaban imposibilitados de asistir a centros educativos debido a las distancias, y a la precariedad de caminos polvorientos y fangosos en tiempo de lluvias. Se hac\u00eda imperiosa la necesidad de contar con una instituci\u00f3n educativa con internado que pudiera ofrecer una educaci\u00f3n integral. As\u00ed por el empuje del P. Pedro Tessari y la decisi\u00f3n de la Peque\u00f1a Obra de la Divina Providencia, en el a\u00f1o 1940 se coloca la piedra fundamental y se comienza la construcci\u00f3n del edificio.<\/span><\/p>\n<\/div>\n<div>\n<div><strong><span id=\"internal-source-marker_0.6298334423918277\">Etapa Actual\u00a0<\/span><\/strong><\/p>\n<p dir=\"ltr\">A partir de su transferencia a la Jurisdicci\u00f3n del Chaco, se abre un continuo proceso de integraci\u00f3n a la provincia en cuyo tramo actual se est\u00e1 avanzando en la obtenci\u00f3n de la acreditaci\u00f3n como Instituto de Formaci\u00f3n Docente, as\u00ed como de consecuci\u00f3n de la aprobaci\u00f3n de las carreras acordadas en la Asamblea de Rectores del 20 de octubre de 1998 en el aula 20 de la Universidad Tecnol\u00f3gica Nacional, es decir, de los Profesorados en Historia, Matem\u00e1tica, Ciencias Pol\u00edticas, Econom\u00eda, F\u00edsica, Geograf\u00eda y Biolog\u00eda; y de las Tecnicaturas en Inform\u00e1tica, Sistemas de Informaci\u00f3n, Electr\u00f3nica, Comunicaci\u00f3n Social, Administraci\u00f3n de Empresas y de Perito en Derecho. (Anexo a la Resoluci\u00f3n 3728\/98)<\/p>\n<p dir=\"ltr\"><strong>Oferta formativa actual<\/strong><\/p>\n<p dir=\"ltr\"><strong>Carreras Docentes<\/strong><\/p>\n<ul>\n<li>Profesorado en Ciencias Pol\u00edticas<\/li>\n<li>Profesorado en F\u00edsica<\/li>\n<li>Profesorado en Matem\u00e1tica<\/li>\n<li>Profesorado en Historia<\/li>\n<li>Profesorado en Biolog\u00eda<\/li>\n<\/ul>\n<p dir=\"ltr\"><strong>Carreras T\u00e9cnicas<\/strong><\/p>\n<ul>\n<li>T\u00e9cnico Superior en Comunicaci\u00f3n Social con Especializaci\u00f3n en Periodismo<\/li>\n<li>T\u00e9cnico Superior En Administraci\u00f3n y Organizaci\u00f3n De Empresas<\/li>\n<li>T\u00e9cnico Superior Perito en Derecho<\/li>\n<\/ul>\n<p>M\u00e1s informaci\u00f3n acerca de las dem\u00e1s secciones de nuestra instituci\u00f3n, visite www.institutodonorione.edu.ar<\/p>\n<p dir=\"ltr\"><strong>\u00a0<\/strong><\/p>\n<\/div>\n<\/div>\n<div>\n<p dir=\"ltr\">\n<\/div>\n","protected":false},"excerpt":{"rendered":"<p>Breve historia institucional \u00a0 Fecha y finalidad de la fundaci\u00f3n: La UEP N\u00ba 55 \u201cDon Orione\u201d de Presidencia Roque S\u00e1enz Pe\u00f1a, en 1969, inaugura el Nivel Terciario o Instituto de Profesorado, dependiendo de la Superintendencia Nacional de la Ense\u00f1anza Privada. El llamado entonces Colegio Don Orione surge poco despu\u00e9s del paso del sacerdote Don Luis &#8230; <a title=\"Historia\" class=\"read-more\" href=\"https:\/\/uep55-cha.infd.edu.ar\/sitio\/historia-2\/\" aria-label=\"More on Historia\">[+]<\/a><\/p>\n","protected":false},"author":383,"featured_media":0,"parent":0,"menu_order":0,"comment_status":"closed","ping_status":"closed","template":"","meta":[],"acf":[],"_links":{"self":[{"href":"https:\/\/uep55-cha.infd.edu.ar\/sitio\/wp-json\/wp\/v2\/pages\/2020"}],"collection":[{"href":"https:\/\/uep55-cha.infd.edu.ar\/sitio\/wp-json\/wp\/v2\/pages"}],"about":[{"href":"https:\/\/uep55-cha.infd.edu.ar\/sitio\/wp-json\/wp\/v2\/types\/page"}],"author":[{"embeddable":true,"href":"https:\/\/uep55-cha.infd.edu.ar\/sitio\/wp-json\/wp\/v2\/users\/383"}],"replies":[{"embeddable":true,"href":"https:\/\/uep55-cha.infd.edu.ar\/sitio\/wp-json\/wp\/v2\/comments?post=2020"}],"version-history":[{"count":1,"href":"https:\/\/uep55-cha.infd.edu.ar\/sitio\/wp-json\/wp\/v2\/pages\/2020\/revisions"}],"predecessor-version":[{"id":4113,"href":"https:\/\/uep55-cha.infd.edu.ar\/sitio\/wp-json\/wp\/v2\/pages\/2020\/revisions\/4113"}],"wp:attachment":[{"href":"https:\/\/uep55-cha.infd.edu.ar\/sitio\/wp-json\/wp\/v2\/media?parent=2020"}],"curies":[{"name":"wp","href":"https:\/\/api.w.org\/{rel}","templated":true}]}}