{"id":2009,"date":"2018-08-30T17:04:39","date_gmt":"2018-08-30T20:04:39","guid":{"rendered":"https:\/\/uep55-cha.infd.edu.ar\/sitio\/datos-institucionales\/"},"modified":"2023-10-18T19:04:25","modified_gmt":"2023-10-18T22:04:25","slug":"datos-institucionales","status":"publish","type":"page","link":"https:\/\/uep55-cha.infd.edu.ar\/sitio\/datos-institucionales\/","title":{"rendered":"Datos institucionales"},"content":{"rendered":"<blockquote><p><strong><span style=\"font-family: verdana; font-size: 12pt;\">UEP N\u00ba 55 Don Orione<\/span><\/strong><\/p>\n<ul>\n<li><span style=\"font-family: verdana; font-size: 12pt;\">Horarios de atenci\u00f3n: de 18 \u00a0a 22,30 hs<\/span><\/li>\n<li><span style=\"font-family: verdana; font-size: 12pt;\">Direcci\u00f3n Padre Arturo Mustachio N\u00ba 255 S\u00e1enz Pe\u00f1a<\/span><\/li>\n<li><span style=\"font-family: verdana; font-size: 12pt;\">Tel\u00e9fonos 0364-4421568 \/ 4423950<\/span><\/li>\n<li><span style=\"font-family: verdana; font-size: 12pt;\">E-mail de consultas: <\/span><span style=\"color: #0000ff; font-size: 14pt;\"><a href=\"mailto:consultas@ido.edu.ar\">consultas@ido.edu.ar<\/a><\/span><\/li>\n<li><span style=\"font-family: verdana; font-size: 12pt;\">E-mail para enviar CV <a href=\"mailto:archivodonorione@ido.edu.ar\">archivodonorione@ido.edu.ar<\/a><\/span><\/li>\n<\/ul>\n<\/blockquote>\n","protected":false},"excerpt":{"rendered":"<p>UEP N\u00ba 55 Don Orione Horarios de atenci\u00f3n: de 18 \u00a0a 22,30 hs Direcci\u00f3n Padre Arturo Mustachio N\u00ba 255 S\u00e1enz Pe\u00f1a Tel\u00e9fonos 0364-4421568 \/ 4423950 E-mail de consultas: consultas@ido.edu.ar E-mail para enviar CV archivodonorione@ido.edu.ar<\/p>\n","protected":false},"author":383,"featured_media":0,"parent":0,"menu_order":0,"comment_status":"closed","ping_status":"closed","template":"","meta":[],"acf":[],"_links":{"self":[{"href":"https:\/\/uep55-cha.infd.edu.ar\/sitio\/wp-json\/wp\/v2\/pages\/2009"}],"collection":[{"href":"https:\/\/uep55-cha.infd.edu.ar\/sitio\/wp-json\/wp\/v2\/pages"}],"about":[{"href":"https:\/\/uep55-cha.infd.edu.ar\/sitio\/wp-json\/wp\/v2\/types\/page"}],"author":[{"embeddable":true,"href":"https:\/\/uep55-cha.infd.edu.ar\/sitio\/wp-json\/wp\/v2\/users\/383"}],"replies":[{"embeddable":true,"href":"https:\/\/uep55-cha.infd.edu.ar\/sitio\/wp-json\/wp\/v2\/comments?post=2009"}],"version-history":[{"count":1,"href":"https:\/\/uep55-cha.infd.edu.ar\/sitio\/wp-json\/wp\/v2\/pages\/2009\/revisions"}],"predecessor-version":[{"id":4111,"href":"https:\/\/uep55-cha.infd.edu.ar\/sitio\/wp-json\/wp\/v2\/pages\/2009\/revisions\/4111"}],"wp:attachment":[{"href":"https:\/\/uep55-cha.infd.edu.ar\/sitio\/wp-json\/wp\/v2\/media?parent=2009"}],"curies":[{"name":"wp","href":"https:\/\/api.w.org\/{rel}","templated":true}]}}